{"id":3,"date":"2025-07-09T08:31:32","date_gmt":"2025-07-09T08:31:32","guid":{"rendered":"https:\/\/agriturismofiumiuniti.it\/wordpress2025\/?page_id=3"},"modified":"2025-07-23T17:45:35","modified_gmt":"2025-07-23T15:45:35","slug":"privacy-policy","status":"publish","type":"page","link":"https:\/\/agriturismofiumiuniti.it\/wordpress2025\/index.php\/privacy-policy\/","title":{"rendered":"Privacy Policy"},"content":{"rendered":"\n<p>Lo scopo del presente documento \u00e8 di informare la persona fisica (di seguito \u201c<strong>Interessato<\/strong>\u201d) relativamente al trattamento dei suoi dati personali (di seguito \u201c<strong>Dati Personali<\/strong>\u201d) raccolti dal titolare del trattamento, nome e cognome, indirizzo residenza, Codice Fiscale FMMGBT38E06H1990, Partita IVA 00751730391, indirizzo e-mail info@agriturismofiumiuniti.it, (di seguito \u201c<strong>Titolare<\/strong>\u201d), tramite il sito web <a href=\"https:\/\/agriturismofiumiuniti.it\/wordpress2025\/\">agriturismofiumiuniti.it<\/a> (di seguito \u201c<strong>Applicazione<\/strong>\u201d).\u00a0<\/p>\n\n\n\n<p>Le modifiche e gli aggiornamenti saranno vincolanti non appena pubblicati sull\u2019Applicazione. In caso di mancata accettazione delle modifiche apportate all\u2019Informativa Privacy, l\u2019Interessato \u00e8 tenuto a cessare l\u2019utilizzo di questa Applicazione e pu\u00f2 richiedere al Titolare di cancellare i propri Dati Personali.<\/p>\n\n\n\n<ol class=\"wp-block-list\">\n<li><strong>Categorie di Dati Personali trattati<\/strong><\/li>\n<\/ol>\n\n\n\n<p>Il Titolare tratta le seguenti tipologie di Dati Personali forniti volontariamente dall\u2019Interessato:<\/p>\n\n\n\n<ul class=\"wp-block-list\">\n<li><strong>Dati di contatto<\/strong>: nome, cognome, indirizzo, e-mail, telefono, immagini, credenziali di autenticazione, eventuali ulteriori informazioni inviate dall&#8217;Interessato, etc.\u00a0<\/li>\n<\/ul>\n\n\n\n<p>Il mancato conferimento da parte dell\u2019Interessato dei Dati Personali per i quali sussiste l\u2019obbligo legale, contrattuale o qualora costituiscano requisito necessario per la conclusione del contratto con il Titolare, comporter\u00e0 l\u2019impossibilit\u00e0 del Titolare di instaurare o proseguire il rapporto con l\u2019Interessato.<\/p>\n\n\n\n<p>L\u2019Interessato che comunichi al Titolare Dati Personali di terzi \u00e8 direttamente ed esclusivamente responsabile della loro provenienza, raccolta, trattamento, comunicazione o diffusione.<\/p>\n\n\n\n<ol start=\"2\" class=\"wp-block-list\">\n<li><strong>Cookie e tecnologie simili<\/strong><\/li>\n<\/ol>\n\n\n\n<p>L&#8217;Applicazione usa cookie, web beacon, identificatori univoci e altre analoghe tecnologie per raccogliere Dati Personali dell\u2019Interessato sulle pagine, sui collegamenti visitati e sulle altre azioni che si eseguono quando l\u2019Interessato utilizza l\u2019Applicazione. Essi vengono memorizzati per essere poi trasmessi alla successiva visita dell&#8217;Interessato. Si pu\u00f2 prendere visione della Cookie Policy completa al seguente indirizzo: <a href=\"https:\/\/agriturismofiumiuniti.it\/wordpress2025\/index.php\/cookie-policy-ue\/\">https:\/\/agriturismofiumiuniti.it\/wordpress2025\/index.php\/cookie-policy-ue\/<\/a><\/p>\n\n\n\n<p><strong>Base giuridica e finalit\u00e0 del trattamento<\/strong><\/p>\n\n\n\n<p>Il trattamento dei Dati Personali \u00e8 necessario:<\/p>\n\n\n\n<ul class=\"wp-block-list\">\n<li>per l&#8217;esecuzione del contratto con l\u2019Interessato e precisamente:\n<ol class=\"wp-block-list\">\n<li><strong>adempimento di ogni obbligo derivante dal rapporto precontrattuale o contrattuale con l\u2019Interessato<\/strong>\u00a0<\/li>\n\n\n\n<li><strong>supporto e contatto con l\u2019Interessato<\/strong>: per rispondere alle richieste dell\u2019Interessato\u00a0<\/li>\n<\/ol>\n<\/li>\n\n\n\n<li>per obbligo di legge e precisamente:\n<ol class=\"wp-block-list\">\n<li><strong>l\u2019adempimento di qualunque obbligo previsto dalle vigenti normative<\/strong>, leggi e regolamenti, in particolare, in materia tributaria e fiscale\u00a0<\/li>\n<\/ol>\n<\/li>\n\n\n\n<li>sulla base del legittimo interesse del Titolare, per:\n<ol class=\"wp-block-list\">\n<li><strong>statistica con dati anonimi<\/strong>: per effettuare analisi statistiche su dati aggregati e anonimi per analizzare i comportamenti dell\u2019Interessato, per migliorare i prodotti e\/o i servizi forniti dal Titolare e meglio soddisfare le aspettative dell\u2019Interessato\u00a0<\/li>\n<\/ol>\n<\/li>\n<\/ul>\n\n\n\n<p>Sulla base del legittimo interesse del Titolare, l\u2019Applicazione permette di effettuare interazioni con piattaforme esterne o social network il cui trattamento dei Dati Personali \u00e8 regolato dalle rispettive informative privacy alle quali si prega di fare riferimento. Le interazioni e le informazioni acquisite da questa Applicazione sono in ogni caso soggette alle impostazioni privacy che l\u2019Interessato ha scelto su tali piattaforme o social network. Queste informazioni \u2013 in assenza di un specifico consenso al trattamento per ulteriori finalit\u00e0 \u2013 vengono utilizzate al solo fine di consentire la fruizione dell\u2019Applicazione e fornire le informazioni e i servizi richiesti.<\/p>\n\n\n\n<p>I Dati Personali dell&#8217;Interessato possono inoltre essere utilizzati dal Titolare per tutelarsi in giudizio avanti le sedi giudiziarie competenti.<\/p>\n\n\n\n<ol start=\"3\" class=\"wp-block-list\">\n<li><strong>Modalit\u00e0 di trattamento e destinatari dei Dati Personali<\/strong><\/li>\n<\/ol>\n\n\n\n<p>Il trattamento dei Dati Personali viene effettuato mediante strumenti cartacei e informatici con modalit\u00e0 organizzative e con logiche strettamente correlate alle finalit\u00e0 indicate e mediante l&#8217;adozione di adeguate misure di sicurezza.<\/p>\n\n\n\n<p>I Dati Personali sono trattati esclusivamente da:&nbsp;<\/p>\n\n\n\n<ul class=\"wp-block-list\">\n<li>persone autorizzate dal Titolare del trattamento dei Dati Personali che si sono impegnate alla riservatezza o abbiano un adeguato obbligo legale di riservatezza;<\/li>\n\n\n\n<li>soggetti che operano in autonomia come distinti titolari del trattamento o da soggetti designati quali responsabili del trattamento dal Titolare al fine di svolgere tutte le attivit\u00e0 di trattamento necessarie a perseguire le finalit\u00e0 di cui alla presente informativa (ad esempio, partner commerciali, consulenti, societ\u00e0 informatiche, fornitori di servizi, hosting provider);<\/li>\n\n\n\n<li>soggetti o enti a cui \u00e8 obbligatorio comunicare i Dati Personali per obbligo di legge o per ordine delle autorit\u00e0.<\/li>\n<\/ul>\n\n\n\n<p>I soggetti sopra elencati sono tenuti a utilizzare le garanzie appropriate per proteggere i Dati Personali e possono accedere solo a quelli necessari per eseguire i compiti a loro assegnati.<\/p>\n\n\n\n<p>I Dati Personali non verranno diffusi indiscriminatamente in alcun modo.<\/p>\n\n\n\n<ol start=\"4\" class=\"wp-block-list\">\n<li><strong>Luogo<\/strong><\/li>\n<\/ol>\n\n\n\n<p>I Dati Personali non saranno oggetto di alcun trasferimento al di fuori del territorio dello Spazio Economico Europeo (SEE).<\/p>\n\n\n\n<ol start=\"5\" class=\"wp-block-list\">\n<li><strong>Periodo di conservazione dei Dati Personali<\/strong><\/li>\n<\/ol>\n\n\n\n<p>I Dati Personali saranno conservati per il periodo di tempo necessario ad adempiere alle finalit\u00e0 per i quali sono stati raccolti, in particolare:&nbsp;<\/p>\n\n\n\n<ul class=\"wp-block-list\">\n<li>per finalit\u00e0 relative all\u2019esecuzione del contratto tra il Titolare e l\u2019Interessato, saranno conservati per tutta la durata del rapporto contrattuale e, dopo la cessazione, per il periodo di prescrizione ordinario pari a 10 anni. Nel caso di contenzioso giudiziale, per tutta la durata dello stesso, fino all\u2019esaurimento dei termini di esperibilit\u00e0 delle azioni di impugnazione<\/li>\n\n\n\n<li>per finalit\u00e0 relative al legittimo interesse del Titolare, saranno conservati fino al compimento di tale interesse<\/li>\n\n\n\n<li>per l\u2019adempimento di un obbligo di legge, per ordine di un\u2019autorit\u00e0 e per la tutela in giudizio, saranno conservati nel rispetto delle tempistiche previste da detti obblighi, normative e comunque sino al compimento del termine prescrizionale previsto dalle norme in vigore<\/li>\n\n\n\n<li>per finalit\u00e0 basate sul consenso dell\u2019Interessato, saranno conservati sino alla revoca del consenso\u00a0<\/li>\n<\/ul>\n\n\n\n<p>Al termine del periodo di conservazione, tutti i Dati Personali saranno cancellati o conservati in una forma che non consenta l\u2019identificazione dell\u2019Interessato.<\/p>\n\n\n\n<ol start=\"6\" class=\"wp-block-list\">\n<li><strong>Diritti dell\u2019Interessato<\/strong><\/li>\n<\/ol>\n\n\n\n<p>Gli Interessati possono esercitare determinati diritti con riferimento ai Dati Personali trattati dal Titolare. In particolare, l\u2019Interessato ha il diritto di:<\/p>\n\n\n\n<ul class=\"wp-block-list\">\n<li>essere informato sul trattamento dei propri Dati Personali<\/li>\n\n\n\n<li>revocare il consenso in ogni momento<\/li>\n\n\n\n<li>limitare il trattamento dei propri Dati Personali<\/li>\n\n\n\n<li>opporsi al trattamento dei propri Dati Personali<\/li>\n\n\n\n<li>accedere ai propri Dati Personali<\/li>\n\n\n\n<li>verificare e chiedere la rettifica dei propri Dati Personali<\/li>\n\n\n\n<li>ottenere la limitazione del trattamento dei propri Dati Personali<\/li>\n\n\n\n<li>ottenere la cancellazione dei propri Dati Personali<\/li>\n\n\n\n<li>trasferire i propri Dati Personali ad altro titolare<\/li>\n\n\n\n<li>proporre reclamo all\u2019autorit\u00e0 di controllo della protezione dei propri Dati Personali e\/o agire in sede giudiziale.<\/li>\n<\/ul>\n\n\n\n<p>Per esercitare i propri diritti, gli Interessati possono indirizzare una richiesta al seguente indirizzo e-mail\u00a0<strong>info@agriturismofiumiuniti.it<\/strong>. Le richieste saranno prese in carico dal Titolare immediatamente ed evase nel pi\u00f9 breve tempo possibile, in ogni caso entro 30 giorni.\u00a0<\/p>\n\n\n\n<p>Ultimo aggiornamento: 23\/07\/2025<\/p>\n","protected":false},"excerpt":{"rendered":"<p>Lo scopo del presente documento \u00e8 di informare la persona fisica (di seguito \u201cInteressato\u201d) relativamente al trattamento dei suoi dati personali (di seguito \u201cDati Personali\u201d) raccolti dal titolare del trattamento, nome e cognome, indirizzo residenza, Codice Fiscale FMMGBT38E06H1990, Partita IVA 00751730391, indirizzo e-mail info@agriturismofiumiuniti.it, (di seguito \u201cTitolare\u201d), tramite il sito web agriturismofiumiuniti.it (di seguito \u201cApplicazione\u201d).\u00a0 [&hellip;]<\/p>\n","protected":false},"author":1,"featured_media":0,"parent":0,"menu_order":0,"comment_status":"closed","ping_status":"open","template":"","meta":{"footnotes":""},"class_list":["post-3","page","type-page","status-publish","hentry"],"yoast_head":"<!-- This site is optimized with the Yoast SEO plugin v25.5 - https:\/\/yoast.com\/wordpress\/plugins\/seo\/ -->\r\n<title>Privacy Policy - Agriturismo Fiumi Uniti<\/title>\r\n<meta name=\"robots\" content=\"index, follow, max-snippet:-1, max-image-preview:large, max-video-preview:-1\" \/>\r\n<link rel=\"canonical\" href=\"https:\/\/agriturismofiumiuniti.it\/wordpress2025\/index.php\/privacy-policy\/\" \/>\r\n<meta property=\"og:locale\" content=\"it_IT\" \/>\r\n<meta property=\"og:type\" content=\"article\" \/>\r\n<meta property=\"og:title\" content=\"Privacy Policy - Agriturismo Fiumi Uniti\" \/>\r\n<meta property=\"og:description\" content=\"Lo scopo del presente documento \u00e8 di informare la persona fisica (di seguito \u201cInteressato\u201d) relativamente al trattamento dei suoi dati personali (di seguito \u201cDati Personali\u201d) raccolti dal titolare del trattamento, nome e cognome, indirizzo residenza, Codice Fiscale FMMGBT38E06H1990, Partita IVA 00751730391, indirizzo e-mail info@agriturismofiumiuniti.it, (di seguito \u201cTitolare\u201d), tramite il sito web agriturismofiumiuniti.it (di seguito \u201cApplicazione\u201d).\u00a0 [&hellip;]\" \/>\r\n<meta property=\"og:url\" content=\"https:\/\/agriturismofiumiuniti.it\/wordpress2025\/index.php\/privacy-policy\/\" \/>\r\n<meta property=\"og:site_name\" content=\"Agriturismo Fiumi Uniti\" \/>\r\n<meta property=\"article:modified_time\" content=\"2025-07-23T15:45:35+00:00\" \/>\r\n<meta name=\"twitter:card\" content=\"summary_large_image\" \/>\r\n<meta name=\"twitter:label1\" content=\"Tempo di lettura stimato\" \/>\n\t<meta name=\"twitter:data1\" content=\"6 minuti\" \/>\r\n<script type=\"application\/ld+json\" class=\"yoast-schema-graph\">{\"@context\":\"https:\/\/schema.org\",\"@graph\":[{\"@type\":\"WebPage\",\"@id\":\"https:\/\/agriturismofiumiuniti.it\/wordpress2025\/index.php\/privacy-policy\/\",\"url\":\"https:\/\/agriturismofiumiuniti.it\/wordpress2025\/index.php\/privacy-policy\/\",\"name\":\"Privacy Policy - Agriturismo Fiumi Uniti\",\"isPartOf\":{\"@id\":\"https:\/\/agriturismofiumiuniti.it\/wordpress2025\/#website\"},\"datePublished\":\"2025-07-09T08:31:32+00:00\",\"dateModified\":\"2025-07-23T15:45:35+00:00\",\"breadcrumb\":{\"@id\":\"https:\/\/agriturismofiumiuniti.it\/wordpress2025\/index.php\/privacy-policy\/#breadcrumb\"},\"inLanguage\":\"it-IT\",\"potentialAction\":[{\"@type\":\"ReadAction\",\"target\":[\"https:\/\/agriturismofiumiuniti.it\/wordpress2025\/index.php\/privacy-policy\/\"]}]},{\"@type\":\"BreadcrumbList\",\"@id\":\"https:\/\/agriturismofiumiuniti.it\/wordpress2025\/index.php\/privacy-policy\/#breadcrumb\",\"itemListElement\":[{\"@type\":\"ListItem\",\"position\":1,\"name\":\"Home\",\"item\":\"https:\/\/agriturismofiumiuniti.it\/wordpress2025\/\"},{\"@type\":\"ListItem\",\"position\":2,\"name\":\"Privacy Policy\"}]},{\"@type\":\"WebSite\",\"@id\":\"https:\/\/agriturismofiumiuniti.it\/wordpress2025\/#website\",\"url\":\"https:\/\/agriturismofiumiuniti.it\/wordpress2025\/\",\"name\":\"Agriturismo Fiumi Uniti\",\"description\":\"\",\"publisher\":{\"@id\":\"https:\/\/agriturismofiumiuniti.it\/wordpress2025\/#organization\"},\"potentialAction\":[{\"@type\":\"SearchAction\",\"target\":{\"@type\":\"EntryPoint\",\"urlTemplate\":\"https:\/\/agriturismofiumiuniti.it\/wordpress2025\/?s={search_term_string}\"},\"query-input\":{\"@type\":\"PropertyValueSpecification\",\"valueRequired\":true,\"valueName\":\"search_term_string\"}}],\"inLanguage\":\"it-IT\"},{\"@type\":\"Organization\",\"@id\":\"https:\/\/agriturismofiumiuniti.it\/wordpress2025\/#organization\",\"name\":\"Agriturismo Fiumi Uniti\",\"url\":\"https:\/\/agriturismofiumiuniti.it\/wordpress2025\/\",\"logo\":{\"@type\":\"ImageObject\",\"inLanguage\":\"it-IT\",\"@id\":\"https:\/\/agriturismofiumiuniti.it\/wordpress2025\/#\/schema\/logo\/image\/\",\"url\":\"https:\/\/agriturismofiumiuniti.it\/wordpress2025\/wp-content\/uploads\/2025\/07\/Logo-Agriturismo-Fiumi-Uniti-Lido-di-Dante.png\",\"contentUrl\":\"https:\/\/agriturismofiumiuniti.it\/wordpress2025\/wp-content\/uploads\/2025\/07\/Logo-Agriturismo-Fiumi-Uniti-Lido-di-Dante.png\",\"width\":702,\"height\":576,\"caption\":\"Agriturismo Fiumi Uniti\"},\"image\":{\"@id\":\"https:\/\/agriturismofiumiuniti.it\/wordpress2025\/#\/schema\/logo\/image\/\"}}]}<\/script>\r\n<!-- \/ Yoast SEO plugin. -->","yoast_head_json":{"title":"Privacy Policy - Agriturismo Fiumi Uniti","robots":{"index":"index","follow":"follow","max-snippet":"max-snippet:-1","max-image-preview":"max-image-preview:large","max-video-preview":"max-video-preview:-1"},"canonical":"https:\/\/agriturismofiumiuniti.it\/wordpress2025\/index.php\/privacy-policy\/","og_locale":"it_IT","og_type":"article","og_title":"Privacy Policy - Agriturismo Fiumi Uniti","og_description":"Lo scopo del presente documento \u00e8 di informare la persona fisica (di seguito \u201cInteressato\u201d) relativamente al trattamento dei suoi dati personali (di seguito \u201cDati Personali\u201d) raccolti dal titolare del trattamento, nome e cognome, indirizzo residenza, Codice Fiscale FMMGBT38E06H1990, Partita IVA 00751730391, indirizzo e-mail info@agriturismofiumiuniti.it, (di seguito \u201cTitolare\u201d), tramite il sito web agriturismofiumiuniti.it (di seguito \u201cApplicazione\u201d).\u00a0 [&hellip;]","og_url":"https:\/\/agriturismofiumiuniti.it\/wordpress2025\/index.php\/privacy-policy\/","og_site_name":"Agriturismo Fiumi Uniti","article_modified_time":"2025-07-23T15:45:35+00:00","twitter_card":"summary_large_image","twitter_misc":{"Tempo di lettura stimato":"6 minuti"},"schema":{"@context":"https:\/\/schema.org","@graph":[{"@type":"WebPage","@id":"https:\/\/agriturismofiumiuniti.it\/wordpress2025\/index.php\/privacy-policy\/","url":"https:\/\/agriturismofiumiuniti.it\/wordpress2025\/index.php\/privacy-policy\/","name":"Privacy Policy - Agriturismo Fiumi Uniti","isPartOf":{"@id":"https:\/\/agriturismofiumiuniti.it\/wordpress2025\/#website"},"datePublished":"2025-07-09T08:31:32+00:00","dateModified":"2025-07-23T15:45:35+00:00","breadcrumb":{"@id":"https:\/\/agriturismofiumiuniti.it\/wordpress2025\/index.php\/privacy-policy\/#breadcrumb"},"inLanguage":"it-IT","potentialAction":[{"@type":"ReadAction","target":["https:\/\/agriturismofiumiuniti.it\/wordpress2025\/index.php\/privacy-policy\/"]}]},{"@type":"BreadcrumbList","@id":"https:\/\/agriturismofiumiuniti.it\/wordpress2025\/index.php\/privacy-policy\/#breadcrumb","itemListElement":[{"@type":"ListItem","position":1,"name":"Home","item":"https:\/\/agriturismofiumiuniti.it\/wordpress2025\/"},{"@type":"ListItem","position":2,"name":"Privacy Policy"}]},{"@type":"WebSite","@id":"https:\/\/agriturismofiumiuniti.it\/wordpress2025\/#website","url":"https:\/\/agriturismofiumiuniti.it\/wordpress2025\/","name":"Agriturismo Fiumi Uniti","description":"","publisher":{"@id":"https:\/\/agriturismofiumiuniti.it\/wordpress2025\/#organization"},"potentialAction":[{"@type":"SearchAction","target":{"@type":"EntryPoint","urlTemplate":"https:\/\/agriturismofiumiuniti.it\/wordpress2025\/?s={search_term_string}"},"query-input":{"@type":"PropertyValueSpecification","valueRequired":true,"valueName":"search_term_string"}}],"inLanguage":"it-IT"},{"@type":"Organization","@id":"https:\/\/agriturismofiumiuniti.it\/wordpress2025\/#organization","name":"Agriturismo Fiumi Uniti","url":"https:\/\/agriturismofiumiuniti.it\/wordpress2025\/","logo":{"@type":"ImageObject","inLanguage":"it-IT","@id":"https:\/\/agriturismofiumiuniti.it\/wordpress2025\/#\/schema\/logo\/image\/","url":"https:\/\/agriturismofiumiuniti.it\/wordpress2025\/wp-content\/uploads\/2025\/07\/Logo-Agriturismo-Fiumi-Uniti-Lido-di-Dante.png","contentUrl":"https:\/\/agriturismofiumiuniti.it\/wordpress2025\/wp-content\/uploads\/2025\/07\/Logo-Agriturismo-Fiumi-Uniti-Lido-di-Dante.png","width":702,"height":576,"caption":"Agriturismo Fiumi Uniti"},"image":{"@id":"https:\/\/agriturismofiumiuniti.it\/wordpress2025\/#\/schema\/logo\/image\/"}}]}},"_links":{"self":[{"href":"https:\/\/agriturismofiumiuniti.it\/wordpress2025\/index.php\/wp-json\/wp\/v2\/pages\/3","targetHints":{"allow":["GET"]}}],"collection":[{"href":"https:\/\/agriturismofiumiuniti.it\/wordpress2025\/index.php\/wp-json\/wp\/v2\/pages"}],"about":[{"href":"https:\/\/agriturismofiumiuniti.it\/wordpress2025\/index.php\/wp-json\/wp\/v2\/types\/page"}],"author":[{"embeddable":true,"href":"https:\/\/agriturismofiumiuniti.it\/wordpress2025\/index.php\/wp-json\/wp\/v2\/users\/1"}],"replies":[{"embeddable":true,"href":"https:\/\/agriturismofiumiuniti.it\/wordpress2025\/index.php\/wp-json\/wp\/v2\/comments?post=3"}],"version-history":[{"count":3,"href":"https:\/\/agriturismofiumiuniti.it\/wordpress2025\/index.php\/wp-json\/wp\/v2\/pages\/3\/revisions"}],"predecessor-version":[{"id":278,"href":"https:\/\/agriturismofiumiuniti.it\/wordpress2025\/index.php\/wp-json\/wp\/v2\/pages\/3\/revisions\/278"}],"wp:attachment":[{"href":"https:\/\/agriturismofiumiuniti.it\/wordpress2025\/index.php\/wp-json\/wp\/v2\/media?parent=3"}],"curies":[{"name":"wp","href":"https:\/\/api.w.org\/{rel}","templated":true}]}}